{"id":42,"date":"2020-11-18T15:31:06","date_gmt":"2020-11-18T14:31:06","guid":{"rendered":"http:\/\/www.terkan.bzh\/?page_id=42"},"modified":"2021-01-08T11:56:02","modified_gmt":"2021-01-08T10:56:02","slug":"terkan-bzh","status":"publish","type":"page","link":"https:\/\/www.terkan.bzh\/","title":{"rendered":"Elementor #42"},"content":{"rendered":"\t\t<div data-elementor-type=\"wp-post\" data-elementor-id=\"42\" class=\"elementor elementor-42\" data-elementor-settings=\"[]\">\n\t\t\t\t\t\t<div class=\"elementor-inner\">\n\t\t\t\t\t\t\t<div class=\"elementor-section-wrap\">\n\t\t\t\t\t\t\t<section class=\"elementor-section elementor-top-section elementor-element elementor-element-c56553d elementor-section-boxed elementor-section-height-default elementor-section-height-default\" data-id=\"c56553d\" data-element_type=\"section\">\n\t\t\t\t\t\t<div class=\"elementor-container elementor-column-gap-default\">\n\t\t\t\t\t\t\t<div class=\"elementor-row\">\n\t\t\t\t\t<div class=\"elementor-column elementor-col-100 elementor-top-column elementor-element elementor-element-e083498\" data-id=\"e083498\" data-element_type=\"column\">\n\t\t\t<div class=\"elementor-column-wrap elementor-element-populated\">\n\t\t\t\t\t\t\t<div class=\"elementor-widget-wrap\">\n\t\t\t\t\t\t<div class=\"elementor-element elementor-element-7cfda2b elementor-widget elementor-widget-image\" data-id=\"7cfda2b\" data-element_type=\"widget\" data-widget_type=\"image.default\">\n\t\t\t\t<div class=\"elementor-widget-container\">\n\t\t\t\t\t<div class=\"elementor-image\">\n\t\t\t\t\t\t\t\t\t\t<img width=\"1024\" height=\"505\" src=\"https:\/\/www.terkan.bzh\/wp-content\/uploads\/2020\/11\/Titre-Groupe-Terkan-page-001-1-1024x505.jpg\" class=\"attachment-large size-large\" alt=\"\" loading=\"lazy\" srcset=\"https:\/\/www.terkan.bzh\/wp-content\/uploads\/2020\/11\/Titre-Groupe-Terkan-page-001-1-1024x505.jpg 1024w, https:\/\/www.terkan.bzh\/wp-content\/uploads\/2020\/11\/Titre-Groupe-Terkan-page-001-1-300x148.jpg 300w, https:\/\/www.terkan.bzh\/wp-content\/uploads\/2020\/11\/Titre-Groupe-Terkan-page-001-1-768x379.jpg 768w, https:\/\/www.terkan.bzh\/wp-content\/uploads\/2020\/11\/Titre-Groupe-Terkan-page-001-1-1536x758.jpg 1536w, https:\/\/www.terkan.bzh\/wp-content\/uploads\/2020\/11\/Titre-Groupe-Terkan-page-001-1-2048x1010.jpg 2048w\" sizes=\"(max-width: 1024px) 100vw, 1024px\" \/>\t\t\t\t\t\t\t\t\t\t\t<\/div>\n\t\t\t\t<\/div>\n\t\t\t\t<\/div>\n\t\t\t\t\t\t<\/div>\n\t\t\t\t\t<\/div>\n\t\t<\/div>\n\t\t\t\t\t\t\t\t<\/div>\n\t\t\t\t\t<\/div>\n\t\t<\/section>\n\t\t\t\t<section class=\"elementor-section elementor-top-section elementor-element elementor-element-f6ab1f4 elementor-section-boxed elementor-section-height-default elementor-section-height-default\" data-id=\"f6ab1f4\" data-element_type=\"section\">\n\t\t\t\t\t\t<div class=\"elementor-container elementor-column-gap-default\">\n\t\t\t\t\t\t\t<div class=\"elementor-row\">\n\t\t\t\t\t<div class=\"elementor-column elementor-col-33 elementor-top-column elementor-element elementor-element-bade723\" data-id=\"bade723\" data-element_type=\"column\">\n\t\t\t<div class=\"elementor-column-wrap elementor-element-populated\">\n\t\t\t\t\t\t\t<div class=\"elementor-widget-wrap\">\n\t\t\t\t\t\t<div class=\"elementor-element elementor-element-8f69bae elementor-widget elementor-widget-image\" data-id=\"8f69bae\" data-element_type=\"widget\" data-widget_type=\"image.default\">\n\t\t\t\t<div class=\"elementor-widget-container\">\n\t\t\t\t\t<div class=\"elementor-image\">\n\t\t\t\t\t\t\t<figure class=\"wp-caption\">\n\t\t\t\t\t\t\t\t\t\t\t<a href=\"http:\/\/edencom.fr\">\n\t\t\t\t\t\t\t<img width=\"1024\" height=\"438\" src=\"https:\/\/www.terkan.bzh\/wp-content\/uploads\/2020\/11\/Eden-Com-fond-noir-page-001-1-1024x438.jpg\" class=\"attachment-large size-large\" alt=\"\" loading=\"lazy\" srcset=\"https:\/\/www.terkan.bzh\/wp-content\/uploads\/2020\/11\/Eden-Com-fond-noir-page-001-1-1024x438.jpg 1024w, https:\/\/www.terkan.bzh\/wp-content\/uploads\/2020\/11\/Eden-Com-fond-noir-page-001-1-300x128.jpg 300w, https:\/\/www.terkan.bzh\/wp-content\/uploads\/2020\/11\/Eden-Com-fond-noir-page-001-1-768x328.jpg 768w, https:\/\/www.terkan.bzh\/wp-content\/uploads\/2020\/11\/Eden-Com-fond-noir-page-001-1-1536x657.jpg 1536w, https:\/\/www.terkan.bzh\/wp-content\/uploads\/2020\/11\/Eden-Com-fond-noir-page-001-1-2048x876.jpg 2048w\" sizes=\"(max-width: 1024px) 100vw, 1024px\" \/>\t\t\t\t\t\t\t\t<\/a>\n\t\t\t\t\t\t\t\t\t\t\t<figcaption class=\"widget-image-caption wp-caption-text\">Vous accompagne dans votre projet<\/figcaption>\n\t\t\t\t\t\t\t\t\t\t<\/figure>\n\t\t\t\t\t<\/div>\n\t\t\t\t<\/div>\n\t\t\t\t<\/div>\n\t\t\t\t\t\t<\/div>\n\t\t\t\t\t<\/div>\n\t\t<\/div>\n\t\t\t\t<div class=\"elementor-column elementor-col-33 elementor-top-column elementor-element elementor-element-4791ac1\" data-id=\"4791ac1\" data-element_type=\"column\">\n\t\t\t<div class=\"elementor-column-wrap elementor-element-populated\">\n\t\t\t\t\t\t\t<div class=\"elementor-widget-wrap\">\n\t\t\t\t\t\t<div class=\"elementor-element elementor-element-d7aebba elementor-widget elementor-widget-image\" data-id=\"d7aebba\" data-element_type=\"widget\" data-widget_type=\"image.default\">\n\t\t\t\t<div class=\"elementor-widget-container\">\n\t\t\t\t\t<div class=\"elementor-image\">\n\t\t\t\t\t\t\t<figure class=\"wp-caption\">\n\t\t\t\t\t\t\t\t\t\t\t<a href=\"http:\/\/tresadenn.bzh\">\n\t\t\t\t\t\t\t<img width=\"1024\" height=\"410\" src=\"https:\/\/www.terkan.bzh\/wp-content\/uploads\/2020\/11\/Tresadenn-fond-noir-page-001-1-1024x410.jpg\" class=\"attachment-large size-large\" alt=\"\" loading=\"lazy\" srcset=\"https:\/\/www.terkan.bzh\/wp-content\/uploads\/2020\/11\/Tresadenn-fond-noir-page-001-1-1024x410.jpg 1024w, https:\/\/www.terkan.bzh\/wp-content\/uploads\/2020\/11\/Tresadenn-fond-noir-page-001-1-300x120.jpg 300w, https:\/\/www.terkan.bzh\/wp-content\/uploads\/2020\/11\/Tresadenn-fond-noir-page-001-1-768x307.jpg 768w, https:\/\/www.terkan.bzh\/wp-content\/uploads\/2020\/11\/Tresadenn-fond-noir-page-001-1-1536x615.jpg 1536w, https:\/\/www.terkan.bzh\/wp-content\/uploads\/2020\/11\/Tresadenn-fond-noir-page-001-1-2048x820.jpg 2048w\" sizes=\"(max-width: 1024px) 100vw, 1024px\" \/>\t\t\t\t\t\t\t\t<\/a>\n\t\t\t\t\t\t\t\t\t\t\t<figcaption class=\"widget-image-caption wp-caption-text\">Cr\u00e9ateur de dessins thermocoll\u00e9s<\/figcaption>\n\t\t\t\t\t\t\t\t\t\t<\/figure>\n\t\t\t\t\t<\/div>\n\t\t\t\t<\/div>\n\t\t\t\t<\/div>\n\t\t\t\t\t\t<\/div>\n\t\t\t\t\t<\/div>\n\t\t<\/div>\n\t\t\t\t<div class=\"elementor-column elementor-col-33 elementor-top-column elementor-element elementor-element-d5ecaa5\" data-id=\"d5ecaa5\" data-element_type=\"column\">\n\t\t\t<div class=\"elementor-column-wrap elementor-element-populated\">\n\t\t\t\t\t\t\t<div class=\"elementor-widget-wrap\">\n\t\t\t\t\t\t<div class=\"elementor-element elementor-element-9db59ab elementor-widget elementor-widget-image\" data-id=\"9db59ab\" data-element_type=\"widget\" data-widget_type=\"image.default\">\n\t\t\t\t<div class=\"elementor-widget-container\">\n\t\t\t\t\t<div class=\"elementor-image\">\n\t\t\t\t\t\t\t<figure class=\"wp-caption\">\n\t\t\t\t\t\t\t\t\t\t\t<a href=\"http:\/\/www.smvd.fr\/\">\n\t\t\t\t\t\t\t<img width=\"2560\" height=\"1608\" src=\"https:\/\/www.terkan.bzh\/wp-content\/uploads\/2020\/11\/SMVD-fond-noir-page-001-1-scaled.jpg\" class=\"attachment-full size-full\" alt=\"\" loading=\"lazy\" srcset=\"https:\/\/www.terkan.bzh\/wp-content\/uploads\/2020\/11\/SMVD-fond-noir-page-001-1-scaled.jpg 2560w, https:\/\/www.terkan.bzh\/wp-content\/uploads\/2020\/11\/SMVD-fond-noir-page-001-1-300x188.jpg 300w, https:\/\/www.terkan.bzh\/wp-content\/uploads\/2020\/11\/SMVD-fond-noir-page-001-1-1024x643.jpg 1024w, https:\/\/www.terkan.bzh\/wp-content\/uploads\/2020\/11\/SMVD-fond-noir-page-001-1-768x482.jpg 768w, https:\/\/www.terkan.bzh\/wp-content\/uploads\/2020\/11\/SMVD-fond-noir-page-001-1-1536x965.jpg 1536w, https:\/\/www.terkan.bzh\/wp-content\/uploads\/2020\/11\/SMVD-fond-noir-page-001-1-2048x1286.jpg 2048w\" sizes=\"(max-width: 2560px) 100vw, 2560px\" \/>\t\t\t\t\t\t\t\t<\/a>\n\t\t\t\t\t\t\t\t\t\t\t<figcaption class=\"widget-image-caption wp-caption-text\">Am\u00e9nageur d'espaces ludiques, sportifs et urbains<\/figcaption>\n\t\t\t\t\t\t\t\t\t\t<\/figure>\n\t\t\t\t\t<\/div>\n\t\t\t\t<\/div>\n\t\t\t\t<\/div>\n\t\t\t\t\t\t<\/div>\n\t\t\t\t\t<\/div>\n\t\t<\/div>\n\t\t\t\t\t\t\t\t<\/div>\n\t\t\t\t\t<\/div>\n\t\t<\/section>\n\t\t\t\t\t\t<\/div>\n\t\t\t\t\t\t<\/div>\n\t\t\t\t\t<\/div>\n\t\t","protected":false},"excerpt":{"rendered":"<p>Vous accompagne dans votre projet Cr\u00e9ateur de dessins thermocoll\u00e9s Am\u00e9nageur d&#8217;espaces ludiques, sportifs et urbains<\/p>\n","protected":false},"author":1,"featured_media":0,"parent":0,"menu_order":0,"comment_status":"closed","ping_status":"closed","template":"","meta":{"_kad_post_transparent":"","_kad_post_title":"hide","_kad_post_layout":"fullwidth","_kad_post_sidebar_id":"","_kad_post_content_style":"unboxed","_kad_post_vertical_padding":"hide","_kad_post_feature":"hide","_kad_post_feature_position":"","_kad_post_header":false,"_kad_post_footer":false},"_links":{"self":[{"href":"https:\/\/www.terkan.bzh\/index.php\/wp-json\/wp\/v2\/pages\/42"}],"collection":[{"href":"https:\/\/www.terkan.bzh\/index.php\/wp-json\/wp\/v2\/pages"}],"about":[{"href":"https:\/\/www.terkan.bzh\/index.php\/wp-json\/wp\/v2\/types\/page"}],"author":[{"embeddable":true,"href":"https:\/\/www.terkan.bzh\/index.php\/wp-json\/wp\/v2\/users\/1"}],"replies":[{"embeddable":true,"href":"https:\/\/www.terkan.bzh\/index.php\/wp-json\/wp\/v2\/comments?post=42"}],"version-history":[{"count":26,"href":"https:\/\/www.terkan.bzh\/index.php\/wp-json\/wp\/v2\/pages\/42\/revisions"}],"predecessor-version":[{"id":111,"href":"https:\/\/www.terkan.bzh\/index.php\/wp-json\/wp\/v2\/pages\/42\/revisions\/111"}],"wp:attachment":[{"href":"https:\/\/www.terkan.bzh\/index.php\/wp-json\/wp\/v2\/media?parent=42"}],"curies":[{"name":"wp","href":"https:\/\/api.w.org\/{rel}","templated":true}]}}